{"id":41,"date":"2021-12-12T00:02:43","date_gmt":"2021-12-11T23:02:43","guid":{"rendered":"https:\/\/www.hilfsnetz-grossarltal.at\/?page_id=41"},"modified":"2021-12-12T00:05:53","modified_gmt":"2021-12-11T23:05:53","slug":"kontakt","status":"publish","type":"page","link":"https:\/\/www.hilfsnetz-grossarltal.at\/index.php\/kontakt\/","title":{"rendered":"Kontakt\/Impressum"},"content":{"rendered":"\n<p>Gschwandtl Anni<br>+43 664 547 74 31<br>gschwandtl@utanet.at<br>Oberharbach 2, 5611 Gro\u00dfarl<\/p>\n\n\n\n<p><br>Gesch\u00e4ftsf\u00fchrer:<br>Rohrmoser Martin<br>+43 664 387 92 72<br>rohrmoser.martin@aon.at<br>5612 H\u00fcttschlag 29a<\/p>\n","protected":false},"excerpt":{"rendered":"<p>Gschwandtl Anni+43 664 547 74 31gschwandtl@utanet.atOberharbach 2, 5611 Gro\u00dfarl Gesch\u00e4ftsf\u00fchrer:Rohrmoser Martin+43 664 387 92 72rohrmoser.martin@aon.at5612 H\u00fcttschlag 29a<\/p>\n","protected":false},"author":1,"featured_media":0,"parent":0,"menu_order":3,"comment_status":"closed","ping_status":"closed","template":"","meta":[],"_links":{"self":[{"href":"https:\/\/www.hilfsnetz-grossarltal.at\/index.php\/wp-json\/wp\/v2\/pages\/41"}],"collection":[{"href":"https:\/\/www.hilfsnetz-grossarltal.at\/index.php\/wp-json\/wp\/v2\/pages"}],"about":[{"href":"https:\/\/www.hilfsnetz-grossarltal.at\/index.php\/wp-json\/wp\/v2\/types\/page"}],"author":[{"embeddable":true,"href":"https:\/\/www.hilfsnetz-grossarltal.at\/index.php\/wp-json\/wp\/v2\/users\/1"}],"replies":[{"embeddable":true,"href":"https:\/\/www.hilfsnetz-grossarltal.at\/index.php\/wp-json\/wp\/v2\/comments?post=41"}],"version-history":[{"count":2,"href":"https:\/\/www.hilfsnetz-grossarltal.at\/index.php\/wp-json\/wp\/v2\/pages\/41\/revisions"}],"predecessor-version":[{"id":43,"href":"https:\/\/www.hilfsnetz-grossarltal.at\/index.php\/wp-json\/wp\/v2\/pages\/41\/revisions\/43"}],"wp:attachment":[{"href":"https:\/\/www.hilfsnetz-grossarltal.at\/index.php\/wp-json\/wp\/v2\/media?parent=41"}],"curies":[{"name":"wp","href":"https:\/\/api.w.org\/{rel}","templated":true}]}}