{"id":28,"date":"2021-08-30T21:06:37","date_gmt":"2021-08-30T19:06:37","guid":{"rendered":"https:\/\/www.hilfsnetz-grossarltal.at\/?page_id=28"},"modified":"2026-01-30T17:50:45","modified_gmt":"2026-01-30T16:50:45","slug":"ueber-uns","status":"publish","type":"page","link":"https:\/\/www.hilfsnetz-grossarltal.at\/index.php\/ueber-uns\/","title":{"rendered":"\u00dcber uns"},"content":{"rendered":"\n<p>Der gemeinn\u00fctzige Verein \u201eSozialer Hilfsdienst Gro\u00dfarltal\u201c, abgek\u00fcrzt als \u201eSHD Gro\u00dfarltal\u201c bezeichnet, wurde 2005 gegr\u00fcndet.<br>Die B\u00fcrgermeister der Gemeinden Gro\u00dfarl und H\u00fcttschlag, Johann Ganitzer und Hans Toferer sind die Obleute des Vereins,<br>Gesch\u00e4ftsf\u00fchrer ist Martin Rohrmoser, Tel.: 0664 3879272, Mail: rohrmoser.martin@aon.at<\/p>\n\n\n\n<p>Schriftf\u00fchrerin ist Lisa Rohrmoser,<br>Kassier ist Christian Pirchner.<br>Frau Anni Gschwandtl, 0664 547 74 31 koordiniert den Einsatz der ca. 25 ehrenamtlichen Helfer.<br>Diese Helfer haben im Jahr 2020 16500 km f\u00fcr Menschen in unserem Tal zur\u00fcckgelegt und sie verschenkten 1250 Stunden an Zeit, Zuwendung und Hilfe an die Personen, die sie ganz dringend brauchen.<br>Der SHD besteht aus 300 Mitgliedern, die durch ihren Jahresbeitrag von \u20ac 20.- den Verein unterst\u00fctzen.<br>Der Verein, dessen T\u00e4tigkeit nicht auf Gewinn gerichtet ist, bezweckt<br>den Auf- und Ausbau eines sozialen Hilfsdienstes im Gro\u00dfarltal.<\/p>\n\n\n\n<ul><li>Wir bieten an:<\/li><li>Essen auf R\u00e4dern; (\u20ac 9.00.-) Das Essen wird im Seniorenwohnheim Gro\u00dfarl \u2013 H\u00fcttschlag hervorragend zubereitet.<\/li><li>Betreuung Alleinstehender und Vereinsamter durch gesellschaftliche und soziale Kontakte wie regelm\u00e4\u00dfigen Besuch und Spaziergang, Kartenspiel, Begleitung zu Amtswegen, Kirchgang etc;<\/li><li>Mithilfe bei der Betreuung immobiler und kranker Menschen \u2013 ausdr\u00fccklich ausgenommen ist die medizinische Krankenpflege;<\/li><li>Unterst\u00fctzung bei der Betreuung psychisch Kranker und Vermittlung kompetenter Hilfe bei seelischen Problemen<\/li><\/ul>\n\n\n\n<figure class=\"wp-block-image size-large\"><img loading=\"lazy\" width=\"1024\" height=\"768\" src=\"https:\/\/www.hilfsnetz-grossarltal.at\/wp-content\/uploads\/2021\/08\/noname-3-1024x768.jpg\" alt=\"\" class=\"wp-image-35\" srcset=\"https:\/\/www.hilfsnetz-grossarltal.at\/wp-content\/uploads\/2021\/08\/noname-3-1024x768.jpg 1024w, https:\/\/www.hilfsnetz-grossarltal.at\/wp-content\/uploads\/2021\/08\/noname-3-300x225.jpg 300w, https:\/\/www.hilfsnetz-grossarltal.at\/wp-content\/uploads\/2021\/08\/noname-3-768x576.jpg 768w, https:\/\/www.hilfsnetz-grossarltal.at\/wp-content\/uploads\/2021\/08\/noname-3-1536x1152.jpg 1536w, https:\/\/www.hilfsnetz-grossarltal.at\/wp-content\/uploads\/2021\/08\/noname-3-1200x900.jpg 1200w, https:\/\/www.hilfsnetz-grossarltal.at\/wp-content\/uploads\/2021\/08\/noname-3-1980x1485.jpg 1980w, https:\/\/www.hilfsnetz-grossarltal.at\/wp-content\/uploads\/2021\/08\/noname-3.jpg 2000w\" sizes=\"(max-width: 1024px) 100vw, 1024px\" \/><\/figure>\n","protected":false},"excerpt":{"rendered":"<p>Der gemeinn\u00fctzige Verein \u201eSozialer Hilfsdienst Gro\u00dfarltal\u201c, abgek\u00fcrzt als \u201eSHD Gro\u00dfarltal\u201c bezeichnet, wurde 2005 gegr\u00fcndet.Die B\u00fcrgermeister der Gemeinden Gro\u00dfarl und H\u00fcttschlag, Johann Ganitzer und Hans Toferer sind die Obleute des Vereins,Gesch\u00e4ftsf\u00fchrer ist Martin Rohrmoser, Tel.: 0664 3879272, Mail: rohrmoser.martin@aon.at Schriftf\u00fchrerin ist Lisa Rohrmoser,Kassier ist Christian Pirchner.Frau Anni Gschwandtl, 0664 547 74 31 koordiniert den Einsatz der [&hellip;]<\/p>\n","protected":false},"author":1,"featured_media":0,"parent":0,"menu_order":1,"comment_status":"closed","ping_status":"closed","template":"","meta":[],"_links":{"self":[{"href":"https:\/\/www.hilfsnetz-grossarltal.at\/index.php\/wp-json\/wp\/v2\/pages\/28"}],"collection":[{"href":"https:\/\/www.hilfsnetz-grossarltal.at\/index.php\/wp-json\/wp\/v2\/pages"}],"about":[{"href":"https:\/\/www.hilfsnetz-grossarltal.at\/index.php\/wp-json\/wp\/v2\/types\/page"}],"author":[{"embeddable":true,"href":"https:\/\/www.hilfsnetz-grossarltal.at\/index.php\/wp-json\/wp\/v2\/users\/1"}],"replies":[{"embeddable":true,"href":"https:\/\/www.hilfsnetz-grossarltal.at\/index.php\/wp-json\/wp\/v2\/comments?post=28"}],"version-history":[{"count":4,"href":"https:\/\/www.hilfsnetz-grossarltal.at\/index.php\/wp-json\/wp\/v2\/pages\/28\/revisions"}],"predecessor-version":[{"id":71,"href":"https:\/\/www.hilfsnetz-grossarltal.at\/index.php\/wp-json\/wp\/v2\/pages\/28\/revisions\/71"}],"wp:attachment":[{"href":"https:\/\/www.hilfsnetz-grossarltal.at\/index.php\/wp-json\/wp\/v2\/media?parent=28"}],"curies":[{"name":"wp","href":"https:\/\/api.w.org\/{rel}","templated":true}]}}