{"id":23,"date":"2021-08-30T20:58:41","date_gmt":"2021-08-30T18:58:41","guid":{"rendered":"https:\/\/www.hilfsnetz-grossarltal.at\/?page_id=23"},"modified":"2021-08-30T21:03:51","modified_gmt":"2021-08-30T19:03:51","slug":"spenden","status":"publish","type":"page","link":"https:\/\/www.hilfsnetz-grossarltal.at\/index.php\/spenden\/","title":{"rendered":"Spenden"},"content":{"rendered":"\n<p>Falls Sie als zahlendes Mitglied unseren Verein unterst\u00fctzen m\u00f6chten, k\u00f6nnen Sie am Schalter der Raiffeisenbank Gro\u00dfarl mittels Beitrittserk\u00e4rung den Mitgliedsbeitrag einzahlen bzw. einen Dauerauftrag abschlie\u00dfen. Wir sind f\u00fcr alle Spenden sehr dankbar, denn der Verein wird ausschlie\u00dflich von Spenden und den Einsatz von Freiwilligen getragen.<\/p>\n\n\n\n<p><\/p>\n\n\n\n<p><strong>Ansprechpersonen:<\/strong><\/p>\n\n\n\n<p>Gschwandtl Anni<br>+43 664 547 74 31<br><a href=\"mailto:gschwandtl@utanet.at\">gschwandtl@utanet.at<\/a><br>Oberharbach 2, 5611 Gro\u00dfarl<\/p>\n\n\n\n<p><\/p>\n\n\n\n<p>Rohrmoser Martin (Gesch\u00e4ftsf\u00fchrer)<br>+43 664 387 92 72<br><a href=\"mailto:rohrmoser.martin@aon.at\">rohrmoser.martin@aon.at<\/a><\/p>\n","protected":false},"excerpt":{"rendered":"<p>Falls Sie als zahlendes Mitglied unseren Verein unterst\u00fctzen m\u00f6chten, k\u00f6nnen Sie am Schalter der Raiffeisenbank Gro\u00dfarl mittels Beitrittserk\u00e4rung den Mitgliedsbeitrag einzahlen bzw. einen Dauerauftrag abschlie\u00dfen. Wir sind f\u00fcr alle Spenden sehr dankbar, denn der Verein wird ausschlie\u00dflich von Spenden und den Einsatz von Freiwilligen getragen. Ansprechpersonen: Gschwandtl Anni+43 664 547 74 31gschwandtl@utanet.atOberharbach 2, 5611 Gro\u00dfarl [&hellip;]<\/p>\n","protected":false},"author":1,"featured_media":0,"parent":0,"menu_order":1,"comment_status":"closed","ping_status":"closed","template":"","meta":[],"_links":{"self":[{"href":"https:\/\/www.hilfsnetz-grossarltal.at\/index.php\/wp-json\/wp\/v2\/pages\/23"}],"collection":[{"href":"https:\/\/www.hilfsnetz-grossarltal.at\/index.php\/wp-json\/wp\/v2\/pages"}],"about":[{"href":"https:\/\/www.hilfsnetz-grossarltal.at\/index.php\/wp-json\/wp\/v2\/types\/page"}],"author":[{"embeddable":true,"href":"https:\/\/www.hilfsnetz-grossarltal.at\/index.php\/wp-json\/wp\/v2\/users\/1"}],"replies":[{"embeddable":true,"href":"https:\/\/www.hilfsnetz-grossarltal.at\/index.php\/wp-json\/wp\/v2\/comments?post=23"}],"version-history":[{"count":1,"href":"https:\/\/www.hilfsnetz-grossarltal.at\/index.php\/wp-json\/wp\/v2\/pages\/23\/revisions"}],"predecessor-version":[{"id":24,"href":"https:\/\/www.hilfsnetz-grossarltal.at\/index.php\/wp-json\/wp\/v2\/pages\/23\/revisions\/24"}],"wp:attachment":[{"href":"https:\/\/www.hilfsnetz-grossarltal.at\/index.php\/wp-json\/wp\/v2\/media?parent=23"}],"curies":[{"name":"wp","href":"https:\/\/api.w.org\/{rel}","templated":true}]}}